{"id":197,"date":"2025-11-05T22:15:52","date_gmt":"2025-11-05T21:15:52","guid":{"rendered":"https:\/\/helikeramia.com\/szallitasi-es-fizetesi-feltetelek\/"},"modified":"2026-02-12T12:50:36","modified_gmt":"2026-02-12T11:50:36","slug":"shipping-and-payment-terms","status":"publish","type":"page","link":"https:\/\/helikeramia.com\/en\/szallitasi-es-fizetesi-feltetelek\/","title":{"rendered":"Shipping &amp; payment terms"},"content":{"rendered":"<div data-elementor-type=\"wp-page\" data-elementor-id=\"197\" class=\"elementor elementor-197\" data-elementor-post-type=\"page\">\n\t\t\t\t<div class=\"elementor-element elementor-element-34fbf87 e-flex e-con-boxed e-con e-parent\" data-id=\"34fbf87\" data-element_type=\"container\" data-e-type=\"container\" data-settings=\"{&quot;background_background&quot;:&quot;classic&quot;}\">\n\t\t\t\t\t<div class=\"e-con-inner\">\n\t\t\t\t<div class=\"elementor-element elementor-element-a96e90f elementor-widget elementor-widget-heading\" data-id=\"a96e90f\" data-element_type=\"widget\" data-e-type=\"widget\" data-widget_type=\"heading.default\">\n\t\t\t\t\t<h2 class=\"elementor-heading-title elementor-size-default\">Shipping &amp; payment terms<\/h2>\t\t\t\t<\/div>\n\t\t\t\t\t<\/div>\n\t\t\t\t<\/div>\n\t\t<div class=\"elementor-element elementor-element-877a658 e-flex e-con-boxed e-con e-parent\" data-id=\"877a658\" data-element_type=\"container\" data-e-type=\"container\">\n\t\t\t\t\t<div class=\"e-con-inner\">\n\t\t<div class=\"elementor-element elementor-element-67fadd8e e-con-full e-flex e-con e-child\" data-id=\"67fadd8e\" data-element_type=\"container\" data-e-type=\"container\">\n\t\t\t\t<div class=\"elementor-element elementor-element-4e3dc36b elementor-widget elementor-widget-heading\" data-id=\"4e3dc36b\" data-element_type=\"widget\" data-e-type=\"widget\" data-widget_type=\"heading.default\">\n\t\t\t\t\t<h2 class=\"elementor-heading-title elementor-size-default\">Shipping terms<\/h2>\t\t\t\t<\/div>\n\t\t\t\t<div class=\"elementor-element elementor-element-3e3f2d3e elementor-widget elementor-widget-text-editor\" data-id=\"3e3f2d3e\" data-element_type=\"widget\" data-e-type=\"widget\" data-widget_type=\"text-editor.default\">\n\t\t\t\t\t\t\t\t\t<p>Website: <strong>helikeramia.com<\/strong><br \/>E-mail: <strong>info@helikeramia.com<\/strong><\/p><div class=\"elementor-element elementor-element-3bdbacf e-con-full e-flex e-con e-child\" data-id=\"3bdbacf\" data-element_type=\"container\"><div class=\"elementor-element elementor-element-402af613 elementor-widget elementor-widget-text-editor\" data-id=\"402af613\" data-element_type=\"widget\" data-widget_type=\"text-editor.default\"><div class=\"elementor-widget-container\"><p>After placing your order, you\u2019ll receive an automatic confirmation email at the address provided. Your order will be fulfilled according to the shipping method selected at checkout.<\/p><p>You can choose delivery to a parcel locker or home delivery. Your parcel is expected to arrive within\u00a0<strong>1\u20133 business days<\/strong>\u00a0after dispatch.<\/p><p><strong>Shipping fees:<\/strong><br \/>Parcel locker: Foxpost \u2013 1790 HUF, Packeta \u2013 1490 HUF<br \/>Home delivery: MPL \u2013 2990 HUF, Foxpost \u2013 2990 HUF, Packeta \u2013 2990 HUF<\/p><p>The exact shipping cost is shown in the webshop during checkout.<\/p><p>We recommend providing a delivery address where you or someone authorised can be reached between 9:00 and 17:00, such as your home, workplace or another planned location.<\/p><\/div><\/div><\/div><div class=\"elementor-element elementor-element-1259296 e-con-full e-flex e-con e-child\" data-id=\"1259296\" data-element_type=\"container\"><div class=\"elementor-element elementor-element-cc3131c elementor-widget elementor-widget-heading\" data-id=\"cc3131c\" data-element_type=\"widget\" data-widget_type=\"heading.default\"><div class=\"elementor-widget-container\">\u00a0<\/div><\/div><\/div>\t\t\t\t\t\t\t\t<\/div>\n\t\t\t\t<\/div>\n\t\t<div class=\"elementor-element elementor-element-ea101a4 e-con-full e-flex e-con e-child\" data-id=\"ea101a4\" data-element_type=\"container\" data-e-type=\"container\">\n\t\t\t\t<div class=\"elementor-element elementor-element-42e6f02 elementor-widget elementor-widget-heading\" data-id=\"42e6f02\" data-element_type=\"widget\" data-e-type=\"widget\" data-widget_type=\"heading.default\">\n\t\t\t\t\t<h2 class=\"elementor-heading-title elementor-size-default\">Payment terms<\/h2>\t\t\t\t<\/div>\n\t\t\t\t<div class=\"elementor-element elementor-element-9d18208 elementor-widget elementor-widget-text-editor\" data-id=\"9d18208\" data-element_type=\"widget\" data-e-type=\"widget\" data-widget_type=\"text-editor.default\">\n\t\t\t\t\t\t\t\t\t<p><strong>How to place an order:<\/strong><\/p><p>You can proceed to payment after adding the selected product to your cart.\u00a0<\/p><p><strong>You\u2019ll receive the order confirmation and invoice by email.<\/strong>\u00a0<strong>Payment is available by online card or bank transfer, cash on delivery is not currently available.<\/strong><\/p><p>After payment is completed, in-stock items are dispatched within 1\u20134 business days.<\/p><p><strong>Online card payment (via Stripe)<\/strong><\/p><p>The security of card payments is handled by Stripe, a PCI Level 1 certified payment provider. Your card details are sent directly to Stripe \u2014 the shop never sees, stores or has access to them.<\/p><p>You don\u2019t need to register to pay by card. Simply enter your card number, expiry date and the CVC code on the back.<\/p><p>You can pay with:<\/p><ul><li>Mastercard or Maestro<\/li><li>Visa<\/li><li>American Express<\/li><\/ul><p>\u00a0<\/p><p>There is no extra fee for card payments.<\/p><p>More information:\u00a0<a href=\"https:\/\/stripe.com\/\">https:\/\/stripe.com\/<\/a><\/p><p><strong>Bank transfer<\/strong><\/p><p>How to pay:<\/p><div class=\"payment_box payment_method_bacs\"><p>Please transfer the amount to the provided bank account (11773456-01702004-00000000 \u2013 G\u00e1l Helga) and include your order number in the reference field so I can identify your payment.\nYour order will be processed once the payment has arrived.<\/p><\/div><div class=\"form-row place-order\">\u00a0<\/div>\t\t\t\t\t\t\t\t<\/div>\n\t\t\t\t<div class=\"elementor-element elementor-element-587b240 elementor-widget elementor-widget-text-editor\" data-id=\"587b240\" data-element_type=\"widget\" data-e-type=\"widget\" data-widget_type=\"text-editor.default\">\n\t\t\t\t\t\t\t\t\t<p>Szolnok, 2026.02.06.<\/p>\t\t\t\t\t\t\t\t<\/div>\n\t\t\t\t<\/div>\n\t\t\t\t\t<\/div>\n\t\t\t\t<\/div>\n\t\t\t\t<\/div>","protected":false},"excerpt":{"rendered":"<p>Sz\u00e1ll\u00edt\u00e1si \u00e9s fizet\u00e9si felt\u00e9telek Sz\u00e1ll\u00edt\u00e1si felt\u00e9telek Weboldal: helikeramia.comE-mail: info@helikeramia.com A megrendel\u00e9s lead\u00e1s\u00e1t k\u00f6vet\u0151en automatikus visszaigazol\u00f3 e-mail \u00e9rkezik a megadott c\u00edmre. A megrendel\u00e9s teljes\u00edt\u00e9se a v\u00e1s\u00e1rl\u00e1s sor\u00e1n kiv\u00e1lasztott sz\u00e1ll\u00edt\u00e1si m\u00f3d szerint t\u00f6rt\u00e9nik. A term\u00e9keket k\u00e9rheted automat\u00e1ba vagy h\u00e1zhoz is. A felad\u00e1st\u00f3l sz\u00e1m\u00edtott\u00a01-3 munkanapon bel\u00fcl\u00a0v\u00e1rhat\u00f3an meg\u00e9rkezik a csomag. A term\u00e9kek sz\u00e1ll\u00edt\u00e1si d\u00edja:Csomagautomat\u00e1ba: Foxpost &#8211; 1.790 Ft, Packeta [&hellip;]<\/p>\n","protected":false},"author":1,"featured_media":0,"parent":0,"menu_order":0,"comment_status":"closed","ping_status":"closed","template":"","meta":{"_seopress_robots_primary_cat":"","_seopress_titles_title":"","_seopress_titles_desc":"A sz\u00e1ll\u00edt\u00e1si \u00e9s fizet\u00e9si felt\u00e9telek oldalon r\u00e9szletesen bemutatjuk a rendel\u00e9s feldolgoz\u00e1s\u00e1nak menet\u00e9t, az el\u00e9rhet\u0151 fizet\u00e9si m\u00f3dokat, a k\u00e9zbes\u00edt\u00e9s idej\u00e9t \u00e9s k\u00f6lts\u00e9geit.","_seopress_robots_index":"","footnotes":""},"class_list":["post-197","page","type-page","status-publish","hentry"],"_links":{"self":[{"href":"https:\/\/helikeramia.com\/en\/wp-json\/wp\/v2\/pages\/197","targetHints":{"allow":["GET"]}}],"collection":[{"href":"https:\/\/helikeramia.com\/en\/wp-json\/wp\/v2\/pages"}],"about":[{"href":"https:\/\/helikeramia.com\/en\/wp-json\/wp\/v2\/types\/page"}],"author":[{"embeddable":true,"href":"https:\/\/helikeramia.com\/en\/wp-json\/wp\/v2\/users\/1"}],"replies":[{"embeddable":true,"href":"https:\/\/helikeramia.com\/en\/wp-json\/wp\/v2\/comments?post=197"}],"version-history":[{"count":0,"href":"https:\/\/helikeramia.com\/en\/wp-json\/wp\/v2\/pages\/197\/revisions"}],"wp:attachment":[{"href":"https:\/\/helikeramia.com\/en\/wp-json\/wp\/v2\/media?parent=197"}],"curies":[{"name":"wp","href":"https:\/\/api.w.org\/{rel}","templated":true}]}}