{"id":209,"date":"2025-11-05T22:15:53","date_gmt":"2025-11-05T21:15:53","guid":{"rendered":"https:\/\/helikeramia.com\/rolunk\/"},"modified":"2026-02-12T17:15:08","modified_gmt":"2026-02-12T16:15:08","slug":"about","status":"publish","type":"page","link":"https:\/\/helikeramia.com\/en\/rolam\/","title":{"rendered":"About"},"content":{"rendered":"<div data-elementor-type=\"wp-page\" data-elementor-id=\"209\" class=\"elementor elementor-209\" data-elementor-post-type=\"page\">\n\t\t\t\t<div class=\"elementor-element elementor-element-db0757d e-flex e-con-boxed e-con e-parent\" data-id=\"db0757d\" data-element_type=\"container\" data-e-type=\"container\" data-settings=\"{&quot;background_background&quot;:&quot;classic&quot;}\">\n\t\t\t\t\t<div class=\"e-con-inner\">\n\t\t<div class=\"elementor-element elementor-element-4861e88 e-con-full e-flex e-con e-child\" data-id=\"4861e88\" data-element_type=\"container\" data-e-type=\"container\">\n\t\t\t\t<div class=\"elementor-element elementor-element-8d47ca3 elementor-widget elementor-widget-heading\" data-id=\"8d47ca3\" data-element_type=\"widget\" data-e-type=\"widget\" data-widget_type=\"heading.default\">\n\t\t\t\t\t<h2 class=\"elementor-heading-title elementor-size-default\">About<\/h2>\t\t\t\t<\/div>\n\t\t\t\t<div class=\"elementor-element elementor-element-9c472eb elementor-widget__width-initial elementor-widget elementor-widget-heading\" data-id=\"9c472eb\" data-element_type=\"widget\" data-e-type=\"widget\" data-widget_type=\"heading.default\">\n\t\t\t\t\t<h3 class=\"elementor-heading-title elementor-size-default\">Ceramics shaped around everyday life<\/h3>\t\t\t\t<\/div>\n\t\t\t\t<\/div>\n\t\t\t\t\t<\/div>\n\t\t\t\t<\/div>\n\t\t<div class=\"elementor-element elementor-element-9fb1ad5 elementor-hidden-desktop elementor-hidden-laptop elementor-hidden-tablet elementor-hidden-mobile e-flex e-con-boxed e-con e-parent\" data-id=\"9fb1ad5\" data-element_type=\"container\" data-e-type=\"container\" data-settings=\"{&quot;background_background&quot;:&quot;classic&quot;}\">\n\t\t\t\t\t<div class=\"e-con-inner\">\n\t\t\t\t<div class=\"elementor-element elementor-element-928a7d3 elementor-widget elementor-widget-heading\" data-id=\"928a7d3\" data-element_type=\"widget\" data-e-type=\"widget\" data-widget_type=\"heading.default\">\n\t\t\t\t\t<h2 class=\"elementor-heading-title elementor-size-default\">r\u00f3lam<\/h2>\t\t\t\t<\/div>\n\t\t\t\t\t<\/div>\n\t\t\t\t<\/div>\n\t\t<div class=\"elementor-element elementor-element-362291cf e-flex e-con-boxed e-con e-parent\" data-id=\"362291cf\" data-element_type=\"container\" data-e-type=\"container\" data-settings=\"{&quot;background_background&quot;:&quot;classic&quot;,&quot;shape_divider_bottom&quot;:&quot;curve-asymmetrical&quot;}\">\n\t\t\t\t\t<div class=\"e-con-inner\">\n\t\t\t\t<div class=\"elementor-shape elementor-shape-bottom\" aria-hidden=\"true\" data-negative=\"false\">\n\t\t\t<svg xmlns=\"http:\/\/www.w3.org\/2000\/svg\" viewbox=\"0 0 1000 100\" preserveaspectratio=\"none\">\n\t<path class=\"elementor-shape-fill\" d=\"M0,0c0,0,0,6,0,6.7c0,18,240.2,93.6,615.2,92.6C989.8,98.5,1000,25,1000,6.7c0-0.7,0-6.7,0-6.7H0z\"\/>\n<\/svg>\t\t<\/div>\n\t\t<div class=\"elementor-element elementor-element-18484a53 e-con-full e-flex e-con e-child\" data-id=\"18484a53\" data-element_type=\"container\" data-e-type=\"container\">\n\t\t\t\t<div class=\"elementor-element elementor-element-21d0b6e4 elementor-widget elementor-widget-image\" data-id=\"21d0b6e4\" data-element_type=\"widget\" data-e-type=\"widget\" data-widget_type=\"image.default\">\n\t\t\t\t\t\t\t\t\t\t\t\t\t\t\t<img alt=\"\" fetchpriority=\"high\" decoding=\"async\" width=\"1000\" height=\"805\" src=\"https:\/\/helikeramia.com\/wp-content\/uploads\/2026\/02\/kezdetek-helikeramia.png\" class=\"attachment-full size-full wp-image-1436\" srcset=\"https:\/\/helikeramia.com\/wp-content\/uploads\/2026\/02\/kezdetek-helikeramia.png 1000w, https:\/\/helikeramia.com\/wp-content\/uploads\/2026\/02\/kezdetek-helikeramia-700x564.png 700w, https:\/\/helikeramia.com\/wp-content\/uploads\/2026\/02\/kezdetek-helikeramia-768x618.png 768w\" sizes=\"(max-width: 1000px) 100vw, 1000px\" \/>\t\t\t\t\t\t\t\t\t\t\t\t\t\t\t<\/div>\n\t\t\t\t<\/div>\n\t\t<div class=\"elementor-element elementor-element-8aca80f e-con-full e-flex e-con e-child\" data-id=\"8aca80f\" data-element_type=\"container\" data-e-type=\"container\">\n\t\t\t\t<div class=\"elementor-element elementor-element-115dfd3 elementor-widget elementor-widget-heading\" data-id=\"115dfd3\" data-element_type=\"widget\" data-e-type=\"widget\" data-widget_type=\"heading.default\">\n\t\t\t\t\t<span class=\"elementor-heading-title elementor-size-default\">Beginnings<\/span>\t\t\t\t<\/div>\n\t\t\t\t<div class=\"elementor-element elementor-element-1093131 elementor-widget elementor-widget-heading\" data-id=\"1093131\" data-element_type=\"widget\" data-e-type=\"widget\" data-widget_type=\"heading.default\">\n\t\t\t\t\t<h3 class=\"elementor-heading-title elementor-size-default\">My First <span style=\"color:#E4B9B6\">encounter<\/span> with clay\n<\/h3>\t\t\t\t<\/div>\n\t\t<div class=\"elementor-element elementor-element-e457dcc e-con-full e-flex e-con e-child\" data-id=\"e457dcc\" data-element_type=\"container\" data-e-type=\"container\">\n\t\t\t\t<div class=\"elementor-element elementor-element-47a6225 elementor-widget elementor-widget-text-editor\" data-id=\"47a6225\" data-element_type=\"widget\" data-e-type=\"widget\" data-widget_type=\"text-editor.default\">\n\t\t\t\t\t\t\t\t\t<p>In 2020, on my birthday, I bought my first block of clay in a small hobby shop and made my very first object \u2014 then somehow I didn\u2019t touch clay again for nearly two years. In the spring of 2022, after leaving my job without a clear plan ahead, I finally had the space to experiment and create. That\u2019s when my first collection was born, around thirty pieces in total.<\/p>\t\t\t\t\t\t\t\t<\/div>\n\t\t\t\t<div class=\"elementor-element elementor-element-afe0e79 elementor-widget elementor-widget-text-editor\" data-id=\"afe0e79\" data-element_type=\"widget\" data-e-type=\"widget\" data-widget_type=\"text-editor.default\">\n\t\t\t\t\t\t\t\t\t<p>Before this, I worked as an economist, and ceramics gradually became a form of creative self-expression for me. Since 2022, as a self-taught ceramicist, I\u2019ve been making small batches of ceramic objects, mainly mugs. Every piece is built and shaped by hand.<\/p>\t\t\t\t\t\t\t\t<\/div>\n\t\t\t\t<div class=\"elementor-element elementor-element-b1d7819 elementor-blockquote--skin-border elementor-widget elementor-widget-blockquote\" data-id=\"b1d7819\" data-element_type=\"widget\" data-e-type=\"widget\" data-widget_type=\"blockquote.default\">\n\t\t\t\t\t\t\t<blockquote class=\"elementor-blockquote\">\n\t\t\t<p class=\"elementor-blockquote__content\">\n\t\t\t\tIt\u2019s important to me that my hands are present in every step of the process from cutting the raw clay to the final dip into glaze.\t\t\t<\/p>\n\t\t\t\t\t<\/blockquote>\n\t\t\t\t\t\t<\/div>\n\t\t\t\t<\/div>\n\t\t\t\t<\/div>\n\t\t\t\t\t<\/div>\n\t\t\t\t<\/div>\n\t\t<div class=\"elementor-element elementor-element-2de56967 e-flex e-con-boxed e-con e-parent\" data-id=\"2de56967\" data-element_type=\"container\" data-e-type=\"container\" data-settings=\"{&quot;background_background&quot;:&quot;classic&quot;}\">\n\t\t\t\t\t<div class=\"e-con-inner\">\n\t\t<div class=\"elementor-element elementor-element-2ee04d59 e-con-full e-flex e-con e-child\" data-id=\"2ee04d59\" data-element_type=\"container\" data-e-type=\"container\">\n\t\t\t\t<div class=\"elementor-element elementor-element-1347f71 elementor-widget elementor-widget-image\" data-id=\"1347f71\" data-element_type=\"widget\" data-e-type=\"widget\" data-widget_type=\"image.default\">\n\t\t\t\t\t\t\t\t\t\t\t\t\t\t\t<img alt=\"\" decoding=\"async\" width=\"1000\" height=\"805\" src=\"https:\/\/helikeramia.com\/wp-content\/uploads\/2026\/02\/montage-barcelona-2-1.png\" class=\"attachment-full size-full wp-image-1351\" srcset=\"https:\/\/helikeramia.com\/wp-content\/uploads\/2026\/02\/montage-barcelona-2-1.png 1000w, https:\/\/helikeramia.com\/wp-content\/uploads\/2026\/02\/montage-barcelona-2-1-700x564.png 700w, https:\/\/helikeramia.com\/wp-content\/uploads\/2026\/02\/montage-barcelona-2-1-768x618.png 768w\" sizes=\"(max-width: 1000px) 100vw, 1000px\" \/>\t\t\t\t\t\t\t\t\t\t\t\t\t\t\t<\/div>\n\t\t\t\t<\/div>\n\t\t<div class=\"elementor-element elementor-element-e8c7b98 e-con-full e-flex e-con e-child\" data-id=\"e8c7b98\" data-element_type=\"container\" data-e-type=\"container\">\n\t\t\t\t<div class=\"elementor-element elementor-element-524c178 elementor-widget elementor-widget-heading\" data-id=\"524c178\" data-element_type=\"widget\" data-e-type=\"widget\" data-widget_type=\"heading.default\">\n\t\t\t\t\t<span class=\"elementor-heading-title elementor-size-default\">Barcelona<\/span>\t\t\t\t<\/div>\n\t\t\t\t<div class=\"elementor-element elementor-element-53ac21d elementor-widget elementor-widget-heading\" data-id=\"53ac21d\" data-element_type=\"widget\" data-e-type=\"widget\" data-widget_type=\"heading.default\">\n\t\t\t\t\t<h3 class=\"elementor-heading-title elementor-size-default\">Professional<span style=\"color:#E4B9B6\"> experience<\/span>  and inspiration<\/h3>\t\t\t\t<\/div>\n\t\t<div class=\"elementor-element elementor-element-3939a3d e-con-full e-flex e-con e-child\" data-id=\"3939a3d\" data-element_type=\"container\" data-e-type=\"container\">\n\t\t\t\t<div class=\"elementor-element elementor-element-3e15fd0 elementor-widget elementor-widget-text-editor\" data-id=\"3e15fd0\" data-element_type=\"widget\" data-e-type=\"widget\" data-widget_type=\"text-editor.default\">\n\t\t\t\t\t\t\t\t\t<p data-start=\"181\" data-end=\"573\">In the summer of 2025, thanks to an Erasmus scholarship, I spent two months in Barcelona, where I worked and learned at <span class=\"hover:entity-accent entity-underline inline cursor-pointer align-baseline\"><span class=\"whitespace-normal\">La Gloria Factoria de Arte<\/span><\/span> studio from ceramic and mosaic artist <span class=\"hover:entity-accent entity-underline inline cursor-pointer align-baseline\"><span class=\"whitespace-normal\">Nevenka Pavic.<\/span><\/span> This period was defining not only professionally, but also in showing me that ceramics can be a shared, community experience beyond the walls of a workshop.<\/p>\t\t\t\t\t\t\t\t<\/div>\n\t\t\t\t<div class=\"elementor-element elementor-element-efd3422 elementor-widget elementor-widget-text-editor\" data-id=\"efd3422\" data-element_type=\"widget\" data-e-type=\"widget\" data-widget_type=\"text-editor.default\">\n\t\t\t\t\t\t\t\t\t<p><strong data-start=\"575\" data-end=\"731\">Nevenka introduced me to mosaic techniques, deepened my knowledge of ceramics, and showed me how creating can become a collective process.<\/strong> Many of her works can be found throughout the streets of Barcelona, made together with local residents \u2014 witnessing this up close was especially inspiring. I also gained insight into the everyday rhythm and background processes of a successfully run ceramic studio.<\/p>\t\t\t\t\t\t\t\t<\/div>\n\t\t\t\t<div class=\"elementor-element elementor-element-59beb6e elementor-blockquote--skin-border elementor-widget elementor-widget-blockquote\" data-id=\"59beb6e\" data-element_type=\"widget\" data-e-type=\"widget\" data-widget_type=\"blockquote.default\">\n\t\t\t\t\t\t\t<blockquote class=\"elementor-blockquote\">\n\t\t\t<p class=\"elementor-blockquote__content\">\n\t\t\t\tI feel incredibly fortunate to have experienced the lifestyle and mindset there \u2014 something I brought a small piece of home with me.\t\t\t<\/p>\n\t\t\t\t\t<\/blockquote>\n\t\t\t\t\t\t<\/div>\n\t\t\t\t<\/div>\n\t\t\t\t<\/div>\n\t\t\t\t\t<\/div>\n\t\t\t\t<\/div>\n\t\t<div class=\"elementor-element elementor-element-6dba89c e-flex e-con-boxed e-con e-parent\" data-id=\"6dba89c\" data-element_type=\"container\" data-e-type=\"container\" data-settings=\"{&quot;background_background&quot;:&quot;classic&quot;,&quot;shape_divider_top&quot;:&quot;curve&quot;,&quot;shape_divider_top_negative&quot;:&quot;yes&quot;}\">\n\t\t\t\t\t<div class=\"e-con-inner\">\n\t\t\t\t<div class=\"elementor-shape elementor-shape-top\" aria-hidden=\"true\" data-negative=\"true\">\n\t\t\t<svg xmlns=\"http:\/\/www.w3.org\/2000\/svg\" viewbox=\"0 0 1000 100\" preserveaspectratio=\"none\">\n\t<path class=\"elementor-shape-fill\" d=\"M500,97C126.7,96.3,0.8,19.8,0,0v100l1000,0V1C1000,19.4,873.3,97.8,500,97z\"\/>\n<\/svg>\t\t<\/div>\n\t\t<div class=\"elementor-element elementor-element-8d34723 e-con-full e-flex e-con e-child\" data-id=\"8d34723\" data-element_type=\"container\" data-e-type=\"container\">\n\t\t\t\t<div class=\"elementor-element elementor-element-1d2d8282 elementor-widget elementor-widget-image\" data-id=\"1d2d8282\" data-element_type=\"widget\" data-e-type=\"widget\" data-widget_type=\"image.default\">\n\t\t\t\t\t\t\t\t\t\t\t\t\t\t\t<img alt=\"\" decoding=\"async\" width=\"1000\" height=\"805\" src=\"https:\/\/helikeramia.com\/wp-content\/uploads\/2026\/02\/montage-helikeramia-3-1.png\" class=\"attachment-full size-full wp-image-1437\" srcset=\"https:\/\/helikeramia.com\/wp-content\/uploads\/2026\/02\/montage-helikeramia-3-1.png 1000w, https:\/\/helikeramia.com\/wp-content\/uploads\/2026\/02\/montage-helikeramia-3-1-700x564.png 700w, https:\/\/helikeramia.com\/wp-content\/uploads\/2026\/02\/montage-helikeramia-3-1-768x618.png 768w\" sizes=\"(max-width: 1000px) 100vw, 1000px\" \/>\t\t\t\t\t\t\t\t\t\t\t\t\t\t\t<\/div>\n\t\t\t\t<\/div>\n\t\t<div class=\"elementor-element elementor-element-69ae410 e-con-full e-flex e-con e-child\" data-id=\"69ae410\" data-element_type=\"container\" data-e-type=\"container\">\n\t\t\t\t<div class=\"elementor-element elementor-element-4a72d39 elementor-widget elementor-widget-heading\" data-id=\"4a72d39\" data-element_type=\"widget\" data-e-type=\"widget\" data-widget_type=\"heading.default\">\n\t\t\t\t\t<h2 class=\"elementor-heading-title elementor-size-default\">Moments for yourself<\/h2>\t\t\t\t<\/div>\n\t\t\t\t<div class=\"elementor-element elementor-element-144cbe6 elementor-widget elementor-widget-heading\" data-id=\"144cbe6\" data-element_type=\"widget\" data-e-type=\"widget\" data-widget_type=\"heading.default\">\n\t\t\t\t\t<h3 class=\"elementor-heading-title elementor-size-default\">I believe <span style=\"color:#E4B9B6\">a mug can be more<\/span> than just an object<\/h3>\t\t\t\t<\/div>\n\t\t\t\t<div class=\"elementor-element elementor-element-848ca7b elementor-widget elementor-widget-text-editor\" data-id=\"848ca7b\" data-element_type=\"widget\" data-e-type=\"widget\" data-widget_type=\"text-editor.default\">\n\t\t\t\t\t\t\t\t\t<p>Somehow mugs are woven together with the joy of making coffee. And coffee, in its own way, is about taking a moment for yourself: even on the busiest day, brewing a cup makes us pause if only for a few minutes alone or with someone dear to us. I love that my mugs can serve such a simple, meaningful purpose.<\/p>\t\t\t\t\t\t\t\t<\/div>\n\t\t\t\t<div class=\"elementor-element elementor-element-1bb867b elementor-blockquote--skin-border elementor-widget elementor-widget-blockquote\" data-id=\"1bb867b\" data-element_type=\"widget\" data-e-type=\"widget\" data-widget_type=\"blockquote.default\">\n\t\t\t\t\t\t\t<blockquote class=\"elementor-blockquote\">\n\t\t\t<p class=\"elementor-blockquote__content\">\n\t\t\t\tDo you like coffee?\nOnly with my oxygen.\n\t\t\t<\/p>\n\t\t\t\t\t\t\t<div class=\"e-q-footer\">\n\t\t\t\t\t\t\t\t\t\t\t<cite class=\"elementor-blockquote__author\">- Gilmore girls<\/cite>\n\t\t\t\t\t\t\t\t\t\t\t\t\t\t<\/div>\n\t\t\t\t\t<\/blockquote>\n\t\t\t\t\t\t<\/div>\n\t\t\t\t<div class=\"elementor-element elementor-element-56843ed elementor-widget elementor-widget-button\" data-id=\"56843ed\" data-element_type=\"widget\" data-e-type=\"widget\" data-widget_type=\"button.default\">\n\t\t\t\t\t\t\t\t\t\t<a class=\"elementor-button elementor-button-link elementor-size-sm\" href=\"https:\/\/helikeramia.com\/en\/mugs\/\">\n\t\t\t\t\t\t<span class=\"elementor-button-content-wrapper\">\n\t\t\t\t\t\t\t\t\t<span class=\"elementor-button-text\">Find your mug<\/span>\n\t\t\t\t\t<\/span>\n\t\t\t\t\t<\/a>\n\t\t\t\t\t\t\t\t<\/div>\n\t\t\t\t<\/div>\n\t\t\t\t\t<\/div>\n\t\t\t\t<\/div>\n\t\t\t\t<\/div>","protected":false},"excerpt":{"rendered":"<p>R\u00f3lam Egy darab csend a mindennapokban r\u00f3lam Kezdetek Az els\u0151 tal\u00e1lkoz\u00e1s az agyaggal 2020-ban a sz\u00fclinapomon vettem meg az els\u0151 agyagt\u00f6mb\u00f6met egy kis hobby boltban, majd elk\u00e9sz\u00edtettem az els\u0151 t\u00e1rgyamat, azt\u00e1n valahogy \u00fagy alakult, hogy nagyj\u00e1b\u00f3l k\u00e9t \u00e9vig hozz\u00e1 sem ny\u00faltam az agyaghoz. 2022 tavasz\u00e1n, amikor kil\u00e1t\u00e1sok n\u00e9lk\u00fcl otthagytam a munkahelyemet, volt lehet\u0151s\u00e9gem k\u00eds\u00e9rletezni \u00e9s [&hellip;]<\/p>\n","protected":false},"author":1,"featured_media":0,"parent":0,"menu_order":0,"comment_status":"closed","ping_status":"closed","template":"","meta":{"_seopress_robots_primary_cat":"","_seopress_titles_title":"R\u00f3lam  %%sep%% %%sitetitle%%","_seopress_titles_desc":"Egy szem\u00e9lyes t\u00f6rt\u00e9net a ker\u00e1mi\u00e1r\u00f3l, alkot\u00e1sr\u00f3l \u00e9s lass\u00edt\u00e1sr\u00f3l, \u00edgy sz\u00fcletnek a Helikeramia k\u00e9zzel k\u00e9sz\u00fclt b\u00f6gr\u00e9i \u00e9s a m\u00f6g\u00f6tt\u00fck l\u00e9v\u0151 szeml\u00e9let.","_seopress_robots_index":"","footnotes":""},"class_list":["post-209","page","type-page","status-publish","hentry"],"_links":{"self":[{"href":"https:\/\/helikeramia.com\/en\/wp-json\/wp\/v2\/pages\/209","targetHints":{"allow":["GET"]}}],"collection":[{"href":"https:\/\/helikeramia.com\/en\/wp-json\/wp\/v2\/pages"}],"about":[{"href":"https:\/\/helikeramia.com\/en\/wp-json\/wp\/v2\/types\/page"}],"author":[{"embeddable":true,"href":"https:\/\/helikeramia.com\/en\/wp-json\/wp\/v2\/users\/1"}],"replies":[{"embeddable":true,"href":"https:\/\/helikeramia.com\/en\/wp-json\/wp\/v2\/comments?post=209"}],"version-history":[{"count":0,"href":"https:\/\/helikeramia.com\/en\/wp-json\/wp\/v2\/pages\/209\/revisions"}],"wp:attachment":[{"href":"https:\/\/helikeramia.com\/en\/wp-json\/wp\/v2\/media?parent=209"}],"curies":[{"name":"wp","href":"https:\/\/api.w.org\/{rel}","templated":true}]}}